{"id":25,"date":"2014-08-14T18:46:48","date_gmt":"2014-08-14T16:46:48","guid":{"rendered":"http:\/\/harroerhart.de\/?page_id=25"},"modified":"2014-09-24T11:23:48","modified_gmt":"2014-09-24T09:23:48","slug":"informationen","status":"publish","type":"page","link":"http:\/\/harroerhart.de\/?page_id=25","title":{"rendered":"Biografie"},"content":{"rendered":"<p>Der Dinge Ursprung er besingt,<br \/>\nDes Himmels Stimme er besingt,<br \/>\nder Reden Knoten er durchsticht,<br \/>\nden Schwertern er die Spitzen bricht.<\/p>\n<p class=\"mittel\"><strong><span style=\"color: #990000;\">Biografie<\/span><\/strong><\/p>\n<p>1939 geboren in Frankfurt\/Main<br \/>\n1946 \u2013 1958 Schule<br \/>\n1959 \u2013 1961 Lehre als Steinmetz<br \/>\n1961 \u2013 1967 Studium der Bildhauerei an der Frankfurter St\u00e4delschule<br \/>\n1965 Meistersch\u00fcler bei Prof. Hans Mettel<br \/>\nSeit 1967 selbst\u00e4ndiger Bildhauer<\/p>\n<p>1955 \u2013 2003 Reisen in West- und Osteuropa, Zentralasien, Kanada, Mittelamerika,<br \/>\nWestafrika und Fernost<br \/>\nseit 1964 Teilnahme an Wettbewerben und Ausstellungen, Gestaltung von Kirchen<br \/>\nund \u00f6ffentlichen Pl\u00e4tzen<\/p>\n<p><span style=\"color: #800000;\"><strong>Zu Arbeiten von Harro Erhart:<\/strong><\/span><\/p>\n<p>\u201eDas Ineinander von Bild und Zeichen, wie es der vorliegende Fries zeigt, ist ein orgineller Versuch, der biblischen Botschaft des alten Testaments in einer unserer Zeit angemessenen Weise gerecht zu werden.\u201c<br \/>\n<span style=\"color: #800000;\">Dr. Theol. Werner Jentsch, 1964<\/span><\/p>\n<p>\u201eWas als Mitteilung im Sitzen, im Aufstehen einer Aktfigur sichtbar wird, geht aus von der Person und Namen eines Einzelnen, von dessen pers\u00f6nlichen Erfahrungen, und zielt ab auf Bilder von der Gef\u00e4hrdung, mehr jedoch der Unzerst\u00f6rbarkeit der W\u00fcrde des Menschen.\u201c<br \/>\n<span style=\"color: #800000;\">Georg Bussmann, 1977<\/span><\/p>\n<p>\u201e&#8230; die Kunst, in der das Gestaltete nat\u00fcrlich wirkt und ausserdem eine vorz\u00fcgliche Erfindung des K\u00fcnstlers enth\u00e4lt, etwas Einzigartiges und Unverwechselbares.&#8220;<br \/>\n<span style=\"color: #800000;\">Friedrich Hitzer, 1987<\/span><\/p>\n","protected":false},"excerpt":{"rendered":"<p>Der Dinge Ursprung er besingt, Des Himmels Stimme er besingt, der Reden Knoten er durchsticht, den Schwertern er die Spitzen bricht. Biografie 1939 geboren in Frankfurt\/Main 1946 \u2013 1958 Schule 1959 \u2013 1961 Lehre als Steinmetz 1961 \u2013 1967 Studium der Bildhauerei an der Frankfurter St\u00e4delschule 1965 Meistersch\u00fcler bei Prof. Hans Mettel Seit 1967 selbst\u00e4ndiger [&hellip;]<\/p>\n","protected":false},"author":1,"featured_media":0,"parent":0,"menu_order":0,"comment_status":"open","ping_status":"closed","template":"","meta":{"ngg_post_thumbnail":0},"_links":{"self":[{"href":"http:\/\/harroerhart.de\/index.php?rest_route=\/wp\/v2\/pages\/25"}],"collection":[{"href":"http:\/\/harroerhart.de\/index.php?rest_route=\/wp\/v2\/pages"}],"about":[{"href":"http:\/\/harroerhart.de\/index.php?rest_route=\/wp\/v2\/types\/page"}],"author":[{"embeddable":true,"href":"http:\/\/harroerhart.de\/index.php?rest_route=\/wp\/v2\/users\/1"}],"replies":[{"embeddable":true,"href":"http:\/\/harroerhart.de\/index.php?rest_route=%2Fwp%2Fv2%2Fcomments&post=25"}],"version-history":[{"count":5,"href":"http:\/\/harroerhart.de\/index.php?rest_route=\/wp\/v2\/pages\/25\/revisions"}],"predecessor-version":[{"id":875,"href":"http:\/\/harroerhart.de\/index.php?rest_route=\/wp\/v2\/pages\/25\/revisions\/875"}],"wp:attachment":[{"href":"http:\/\/harroerhart.de\/index.php?rest_route=%2Fwp%2Fv2%2Fmedia&parent=25"}],"curies":[{"name":"wp","href":"https:\/\/api.w.org\/{rel}","templated":true}]}}